{"id":5694,"date":"2025-08-25T09:33:44","date_gmt":"2025-08-25T07:33:44","guid":{"rendered":"https:\/\/playmobilproplay.com\/product\/grundlegendes-profi-paket\/"},"modified":"2025-11-19T13:39:23","modified_gmt":"2025-11-19T12:39:23","slug":"grundlegendes-profi-paket","status":"publish","type":"product","link":"https:\/\/playmobilproplay.com\/de\/shop\/grundlegendes-profi-paket\/","title":{"rendered":"Grundlegendes Profi-Paket"},"content":{"rendered":"<p data-start=\"1152\" data-end=\"1206\"><em data-start=\"1152\" data-end=\"1204\">Das Komplettpaket f\u00fcr professionelle Moderatoren<\/em><\/p>\n<p data-start=\"1208\" data-end=\"1461\"><strong data-start=\"1208\" data-end=\"1227\">Das Paket enth\u00e4lt<\/strong><br data-start=\"1227\" data-end=\"1230\">\u2713 <span class=\"small-reg\">PLAYMOBIL\u00ae<\/span> pro Professional Set (560+ Teile)<br data-start=\"1277\" data-end=\"1280\">\u2713 Pro.<span class=\"small-reg\">Play\u00ae<\/span> Grundmodul Zertifizierung &#8211; Online.<br data-start=\"1326\" data-end=\"1329\">\u2713 <em data-start=\"1331\" data-end=\"1348\">Play Like a Pro<\/em> Buch von Juan Prego<br data-start=\"1367\" data-end=\"1370\">\u2713 Pro.<span class=\"small-reg\">Play\u00ae<\/span> Vorlagen und Workshop-Szenarien<br data-start=\"1414\" data-end=\"1417\">\u2713 Zugang zur globalen Pro.<span class=\"small-reg\">Play\u00ae<\/span> Community<\/p>\n<p data-start=\"1463\" data-end=\"1481\"><strong data-start=\"1463\" data-end=\"1479\">Perfekt f\u00fcr:<\/strong><\/p>\n<ul data-start=\"1482\" data-end=\"1673\">\n<li data-start=\"1482\" data-end=\"1523\">\n<p data-start=\"1484\" data-end=\"1523\">Erfahrene Moderatoren und Trainer<\/p>\n<\/li>\n<li data-start=\"1524\" data-end=\"1572\">\n<p data-start=\"1526\" data-end=\"1572\">Berater, die Organisationsworkshops durchf\u00fchren<\/p>\n<\/li>\n<li data-start=\"1573\" data-end=\"1620\">\n<p data-start=\"1575\" data-end=\"1620\">Fachleute, die eine gr\u00f6\u00dfere Modellierung ben\u00f6tigen<\/p>\n<\/li>\n<li data-start=\"1621\" data-end=\"1673\">\n<p data-start=\"1623\" data-end=\"1673\">F\u00fchrungspers\u00f6nlichkeiten, die Strategie, Innovation und Wandel vorantreiben<\/p>\n<\/li>\n<\/ul>\n","protected":false},"excerpt":{"rendered":"<p><span class=\"small-reg\">PLAYMOBIL\u00ae<\/span> pro Professional Kit (580 Teile).<\/p>\n<p>Pro.<span class=\"small-reg\">Play\u00ae-Grundlagenmodul-Zertifizierung<\/span> &#8211; Online.<\/p>\n<p>&#8222;Spielen wie ein Profi&#8220; Buch und Anwendungsleitfaden. <\/p>\n<p>Pro.<span class=\"small-reg\">Play\u00ae<\/span> Vorlagen und Szenario-Kit.<\/p>\n","protected":false},"featured_media":5706,"comment_status":"closed","ping_status":"closed","template":"","meta":{"_acf_changed":false,"_seopress_robots_primary_cat":"none","_seopress_titles_title":"Grundlegendes Profi-Paket","_seopress_titles_desc":"Holen Sie sich das Foundational Professional Bundle f\u00fcr 637 \u20ac. Perfekt f\u00fcr Moderatoren und Trainer. Bestellen Sie jetzt und verbessern Sie Ihre F\u00e4higkeiten!  ","_seopress_robots_index":"","iawp_total_views":35},"product_brand":[],"product_cat":[107],"product_tag":[],"class_list":{"0":"post-5694","1":"product","2":"type-product","3":"status-publish","4":"has-post-thumbnail","6":"product_cat-bundel","8":"first","9":"instock","10":"taxable","11":"shipping-taxable","12":"purchasable","13":"product-type-simple"},"acf":[],"_links":{"self":[{"href":"https:\/\/playmobilproplay.com\/de\/wp-json\/wp\/v2\/product\/5694","targetHints":{"allow":["GET"]}}],"collection":[{"href":"https:\/\/playmobilproplay.com\/de\/wp-json\/wp\/v2\/product"}],"about":[{"href":"https:\/\/playmobilproplay.com\/de\/wp-json\/wp\/v2\/types\/product"}],"replies":[{"embeddable":true,"href":"https:\/\/playmobilproplay.com\/de\/wp-json\/wp\/v2\/comments?post=5694"}],"version-history":[{"count":1,"href":"https:\/\/playmobilproplay.com\/de\/wp-json\/wp\/v2\/product\/5694\/revisions"}],"predecessor-version":[{"id":5712,"href":"https:\/\/playmobilproplay.com\/de\/wp-json\/wp\/v2\/product\/5694\/revisions\/5712"}],"wp:featuredmedia":[{"embeddable":true,"href":"https:\/\/playmobilproplay.com\/de\/wp-json\/wp\/v2\/media\/5706"}],"wp:attachment":[{"href":"https:\/\/playmobilproplay.com\/de\/wp-json\/wp\/v2\/media?parent=5694"}],"wp:term":[{"taxonomy":"product_brand","embeddable":true,"href":"https:\/\/playmobilproplay.com\/de\/wp-json\/wp\/v2\/product_brand?post=5694"},{"taxonomy":"product_cat","embeddable":true,"href":"https:\/\/playmobilproplay.com\/de\/wp-json\/wp\/v2\/product_cat?post=5694"},{"taxonomy":"product_tag","embeddable":true,"href":"https:\/\/playmobilproplay.com\/de\/wp-json\/wp\/v2\/product_tag?post=5694"}],"curies":[{"name":"wp","href":"https:\/\/api.w.org\/{rel}","templated":true}]}}