{"id":5734,"date":"2021-03-09T17:00:36","date_gmt":"2021-03-09T16:00:36","guid":{"rendered":"https:\/\/playmobilproplay.com\/product\/starter-kit\/"},"modified":"2025-11-19T13:39:26","modified_gmt":"2025-11-19T12:39:26","slug":"starter-kit","status":"publish","type":"product","link":"https:\/\/playmobilproplay.com\/de\/shop\/starter-kit\/","title":{"rendered":"Starter Kit"},"content":{"rendered":"<p>Das PLAYMOBIL\u00ae pro. STARTER KIT enth\u00e4lt eine kleinere Auswahl an Figuren, Tieren, Kost\u00fcmen, Zubeh\u00f6r und Schreibwaren f\u00fcr bis zu 5 Personen. <\/p>\n<p class=\"p1\"><b>STARTER KIT &#8211; Perfekt f\u00fcr individuelle Erkundungen<\/b><\/p>\n<p class=\"p2\">120 St\u00fcck | Ideal f\u00fcr 1-4 Teilnehmer<\/p>\n<p class=\"p2\">Was Sie erhalten: \u2713 Komplettes PLAYMOBIL\u00ae pro Starter Kit (120 Teile)<\/p>\n<p class=\"p2\">Professionelles Benutzerhandbuch mit grundlegenden Techniken<\/p>\n<p class=\"p2\">Digitale Vorlagen und Ressourcen<\/p>\n<p class=\"p2\">Zugang zur Community-Plattform<\/p>\n<p>&nbsp;<\/p>\n<p class=\"p2\"><strong>Perfekt f\u00fcr:<\/strong><\/p>\n<p class=\"p2\">Individuelle Trainer und Berater<\/p>\n<p class=\"p2\">Kleine Teamleiter erkunden die Methodik<\/p>\n<p class=\"p2\">Profis, die Pro.Play\u00ae erleben m\u00f6chten<\/p>\n<p class=\"p2\">Bildungspiloten und erste Experimente<\/p>\n","protected":false},"excerpt":{"rendered":"<p>Dieses Set ist ideal f\u00fcr 1-zu-1-Sitzungen und kleine Gruppen, die echte Herausforderungen durch schnelle und leistungsstarke Anwendungen l\u00f6sen wollen. Enth\u00e4lt 8 Figuren f\u00fcr Erwachsene, 4 Figuren f\u00fcr Kinder sowie 108 Elemente, Stifte und T\u00fccher, um die Figuren von PLAYMOBIL zu bemalen. <\/p>\n","protected":false},"featured_media":5368,"comment_status":"open","ping_status":"closed","template":"","meta":{"_acf_changed":false,"_seopress_robots_primary_cat":"none","_seopress_titles_title":"Starter Kit - Kreatives Set f\u00fcr Trainer und Teams","_seopress_titles_desc":"Holen Sie sich das PLAYMOBIL\u00ae Pro Starter Kit f\u00fcr \u20ac119. Ideal f\u00fcr 1:1-Sitzungen und kleine Gruppen. Bestellen Sie jetzt und verbessern Sie Ihre kreativen Sitzungen!  ","_seopress_robots_index":"","iawp_total_views":71},"product_brand":[],"product_cat":[86],"product_tag":[],"class_list":{"0":"post-5734","1":"product","2":"type-product","3":"status-publish","4":"has-post-thumbnail","6":"product_cat-nicht-kategorisiert","8":"first","9":"instock","10":"purchasable","11":"product-type-simple"},"acf":[],"_links":{"self":[{"href":"https:\/\/playmobilproplay.com\/de\/wp-json\/wp\/v2\/product\/5734","targetHints":{"allow":["GET"]}}],"collection":[{"href":"https:\/\/playmobilproplay.com\/de\/wp-json\/wp\/v2\/product"}],"about":[{"href":"https:\/\/playmobilproplay.com\/de\/wp-json\/wp\/v2\/types\/product"}],"replies":[{"embeddable":true,"href":"https:\/\/playmobilproplay.com\/de\/wp-json\/wp\/v2\/comments?post=5734"}],"version-history":[{"count":1,"href":"https:\/\/playmobilproplay.com\/de\/wp-json\/wp\/v2\/product\/5734\/revisions"}],"predecessor-version":[{"id":5765,"href":"https:\/\/playmobilproplay.com\/de\/wp-json\/wp\/v2\/product\/5734\/revisions\/5765"}],"wp:featuredmedia":[{"embeddable":true,"href":"https:\/\/playmobilproplay.com\/de\/wp-json\/wp\/v2\/media\/5368"}],"wp:attachment":[{"href":"https:\/\/playmobilproplay.com\/de\/wp-json\/wp\/v2\/media?parent=5734"}],"wp:term":[{"taxonomy":"product_brand","embeddable":true,"href":"https:\/\/playmobilproplay.com\/de\/wp-json\/wp\/v2\/product_brand?post=5734"},{"taxonomy":"product_cat","embeddable":true,"href":"https:\/\/playmobilproplay.com\/de\/wp-json\/wp\/v2\/product_cat?post=5734"},{"taxonomy":"product_tag","embeddable":true,"href":"https:\/\/playmobilproplay.com\/de\/wp-json\/wp\/v2\/product_tag?post=5734"}],"curies":[{"name":"wp","href":"https:\/\/api.w.org\/{rel}","templated":true}]}}