{"id":5785,"date":"2025-08-28T23:33:24","date_gmt":"2025-08-28T21:33:24","guid":{"rendered":"https:\/\/playmobilproplay.com\/product\/grundlegendes-modul-online\/"},"modified":"2025-11-19T13:39:43","modified_gmt":"2025-11-19T12:39:43","slug":"grundlegendes-modul-online","status":"publish","type":"product","link":"https:\/\/playmobilproplay.com\/de\/shop\/grundlegendes-modul-online\/","title":{"rendered":"Grundlegendes Modul &#8211; Online"},"content":{"rendered":"<h1 data-start=\"337\" data-end=\"407\">Grundlegendes Modul: Einf\u00fchrung in Pro.Play\u00ae &#8211; Online<\/h1>\n<h3 data-start=\"409\" data-end=\"474\">Entdecken Sie die Kraft des Spiels f\u00fcr professionelle Probleml\u00f6sungen<\/h3>\n<p data-start=\"475\" data-end=\"774\">Das <strong data-start=\"479\" data-end=\"502\">Basismodul<\/strong> ist Ihr Einstieg in die Welt der <strong data-start=\"541\" data-end=\"581\">Pro.Play\u00ae Methode mit PLAYMOBIL\u00ae pro<\/strong>. In diesem Online-Kurs lernen Sie die wesentlichen Prinzipien, Werkzeuge und Denkweisen kennen, die das <em data-start=\"686\" data-end=\"692\">Spielen<\/em> zu einer leistungsstarken Methode f\u00fcr Kreativit\u00e4t, Zusammenarbeit und Entscheidungsfindung machen. <\/p>\n<p data-start=\"776\" data-end=\"968\">Ganz gleich, ob Sie Coach, P\u00e4dagoge, Berater, Personalverantwortlicher, Designer oder F\u00fchrungskraft sind, dieser erste Schritt wird Ihnen die Grundlagen f\u00fcr die Anwendung des <strong data-start=\"923\" data-end=\"944\">professionellen Spiels<\/strong> in Ihrer eigenen Praxis vermitteln.<\/p>\n<hr data-start=\"970\" data-end=\"973\">\n<h2 data-start=\"975\" data-end=\"1002\">Was Sie lernen werden<\/h2>\n<p data-start=\"1003\" data-end=\"1041\">Am Ende dieses Moduls werden Sie:<\/p>\n<ul data-start=\"1042\" data-end=\"1614\">\n<li data-start=\"1042\" data-end=\"1112\">\n<p data-start=\"1044\" data-end=\"1112\">Verstehen Sie die <strong data-start=\"1059\" data-end=\"1085\">Urspr\u00fcnge und die Philosophie<\/strong> der Pro.Play\u00ae Methode.<\/p>\n<\/li>\n<li data-start=\"1113\" data-end=\"1201\">\n<p data-start=\"1115\" data-end=\"1201\">Erkunden Sie die <strong data-start=\"1127\" data-end=\"1148\">3 Arten von Modellen<\/strong> (w\u00f6rtlich, phantastisch, metaphorisch) und ihre Verwendung.<\/p>\n<\/li>\n<li data-start=\"1202\" data-end=\"1315\">\n<p data-start=\"1204\" data-end=\"1315\">Lernen Sie die <strong data-start=\"1214\" data-end=\"1242\">4 S\u00e4ulen des Prozesses<\/strong> kennen (Mit dem Spiel beginnen, beobachten, was passiert, Erkenntnisse gewinnen, Entscheidungen treffen).<\/p>\n<\/li>\n<li data-start=\"1316\" data-end=\"1386\">\n<p data-start=\"1318\" data-end=\"1386\">Erleben Sie <strong data-start=\"1329\" data-end=\"1351\">praktische \u00dcbungen<\/strong>, die f\u00fcr die Online-Moderation angepasst sind.<\/p>\n<\/li>\n<li data-start=\"1387\" data-end=\"1487\">\n<p data-start=\"1389\" data-end=\"1487\">Entdecken Sie, wie PLAYMOBIL\u00ae-Figuren und -Requisiten <strong data-start=\"1442\" data-end=\"1484\">neue Wege des Denkens und Kommunizierens<\/strong> er\u00f6ffnen.<\/p>\n<\/li>\n<li data-start=\"1488\" data-end=\"1614\">\n<p data-start=\"1490\" data-end=\"1614\">Sehen Sie sich Beispiele aus der Praxis an, wie die Methode weltweit in den Bereichen <strong data-start=\"1555\" data-end=\"1611\">Wirtschaft, Bildung, Coaching und soziale Innovation<\/strong> angewendet wird.<\/p>\n<\/li>\n<\/ul>\n<hr data-start=\"1616\" data-end=\"1619\">\n<h2 data-start=\"1621\" data-end=\"1648\">Format &amp; Erfahrung<\/h2>\n<ul data-start=\"1649\" data-end=\"1969\">\n<li data-start=\"1649\" data-end=\"1692\">\n<p data-start=\"1651\" data-end=\"1692\"><strong data-start=\"1651\" data-end=\"1666\">100% Online<\/strong> &#8211; weltweit zug\u00e4nglich.<\/p>\n<\/li>\n<li data-start=\"1693\" data-end=\"1761\">\n<p data-start=\"1695\" data-end=\"1761\"><strong data-start=\"1695\" data-end=\"1719\">Interaktive Sitzungen<\/strong>, geleitet von zertifizierten Pro.Play\u00ae-Trainern.<\/p>\n<\/li>\n<li data-start=\"1762\" data-end=\"1852\">\n<p data-start=\"1764\" data-end=\"1852\">Eine Mischung aus <strong data-start=\"1775\" data-end=\"1822\">Theorie, Live-Demos und praktischen \u00dcbungen<\/strong>, die virtuell funktionieren.<\/p>\n<\/li>\n<li data-start=\"1853\" data-end=\"1969\">\n<p data-start=\"1855\" data-end=\"1969\">Die Teilnehmer besch\u00e4ftigen sich mit Modellen, Erz\u00e4hlungen und Gruppenreflexion, um sowohl <strong data-start=\"1938\" data-end=\"1966\">das Lernen als auch die Anwendung<\/strong> sicherzustellen.<\/p>\n<\/li>\n<\/ul>\n<hr data-start=\"1971\" data-end=\"1974\">\n<h2 data-start=\"1976\" data-end=\"1999\">Warum hier beginnen?<\/h2>\n<p data-start=\"2000\" data-end=\"2235\">Dieses Basismodul ist <strong data-start=\"2028\" data-end=\"2068\">Stufe 1 auf dem Weg zur Zertifizierung<\/strong>. Es vermittelt Ihnen das Wissen und die Erfahrung, die Sie ben\u00f6tigen, bevor Sie zu den h\u00f6heren Stufen aufsteigen, in denen Sie komplexe Pro.Play\u00ae-Interventionen entwerfen, moderieren und meistern werden. <\/p>\n<p data-start=\"2237\" data-end=\"2429\">Es ist mehr als eine Einf\u00fchrung &#8211; es ist der erste Schritt, um der <strong data-start=\"2309\" data-end=\"2355\">globalen Gemeinschaft der Pro.Play\u00ae-Moderatoren<\/strong> beizutreten und die Kraft des Spiels in Ihre berufliche Praxis einzubringen.<\/p>\n<hr data-start=\"2431\" data-end=\"2434\">\n<h2 data-start=\"2436\" data-end=\"2459\">Was enthalten ist<\/h2>\n<ul data-start=\"2460\" data-end=\"2776\">\n<li data-start=\"2460\" data-end=\"2511\">\n<p data-start=\"2462\" data-end=\"2511\">Live-Online-Unterricht von zertifizierten Trainern<\/p>\n<\/li>\n<li data-start=\"2512\" data-end=\"2590\">\n<p data-start=\"2514\" data-end=\"2590\">Pro.Play\u00ae Starter Pack (digitale Vorlagen &amp; \u00dcbungen zum Online-\u00dcben)<\/p>\n<\/li>\n<li data-start=\"2591\" data-end=\"2643\">\n<p data-start=\"2593\" data-end=\"2643\">Zugang zu Lernressourcen, Videos und Leitf\u00e4den<\/p>\n<\/li>\n<li data-start=\"2644\" data-end=\"2705\">\n<p data-start=\"2646\" data-end=\"2705\">Abschlusszertifikat (Stufe 1 &#8211; Basismodul)<\/p>\n<\/li>\n<li data-start=\"2706\" data-end=\"2776\">\n<p data-start=\"2708\" data-end=\"2776\">Einladung zur Verbindung mit unserem <strong data-start=\"2739\" data-end=\"2774\">internationalen Pro.Play\u00ae-Netzwerk<\/strong><\/p>\n<\/li>\n<\/ul>\n<hr data-start=\"2778\" data-end=\"2781\">\n<h2 data-start=\"2783\" data-end=\"2803\">F\u00fcr wen es bestimmt ist<\/h2>\n<ul data-start=\"2804\" data-end=\"3035\">\n<li data-start=\"2804\" data-end=\"2831\">\n<p data-start=\"2806\" data-end=\"2831\">Moderatoren &amp; Trainer<\/p>\n<\/li>\n<li data-start=\"2832\" data-end=\"2857\">\n<p data-start=\"2834\" data-end=\"2857\">Coaches &amp; Berater<\/p>\n<\/li>\n<li data-start=\"2858\" data-end=\"2884\">\n<p data-start=\"2860\" data-end=\"2884\">P\u00e4dagogen &amp; Professoren<\/p>\n<\/li>\n<li data-start=\"2885\" data-end=\"2934\">\n<p data-start=\"2887\" data-end=\"2934\">Fachleute f\u00fcr Personal- und Organisationsentwicklung<\/p>\n<\/li>\n<li data-start=\"2935\" data-end=\"2967\">\n<p data-start=\"2937\" data-end=\"2967\">Innovatoren &amp; Design-Denker<\/p>\n<\/li>\n<li data-start=\"2968\" data-end=\"3035\">\n<p data-start=\"2970\" data-end=\"3035\">F\u00fchrungskr\u00e4fte, die <strong data-start=\"2986\" data-end=\"3033\">neue Wege<\/strong> suchen <strong data-start=\"2986\" data-end=\"3033\">, um Teams zu engagieren und Probleme zu l\u00f6sen<\/strong><\/p>\n<\/li>\n<\/ul>\n<hr data-start=\"3037\" data-end=\"3040\">\n<h2 data-start=\"3042\" data-end=\"3069\">Machen Sie den ersten Schritt<\/h2>\n<p data-start=\"3070\" data-end=\"3267\"><em data-start=\"3070\" data-end=\"3130\">Spielen ist nicht das Gegenteil von Arbeit &#8211; es ist die Zukunft der Arbeit.<\/em><br data-start=\"3130\" data-end=\"3133\">Beginnen Sie Ihre Reise mit der Pro.Play\u00ae-Methode und entdecken Sie, wie Sie die Art und Weise, wie Sie <strong data-start=\"3220\" data-end=\"3264\">lernen, zusammenarbeiten und L\u00f6sungen entwickeln,<\/strong> ver\u00e4ndern k\u00f6nnen.<\/p>\n<p data-start=\"3269\" data-end=\"3335\">\ud83d\udc49 <strong data-start=\"3272\" data-end=\"3333\">Melden Sie sich jetzt f\u00fcr das Basismodul (Stufe 1 &#8211; Online) an.<\/strong><\/p>\n","protected":false},"excerpt":{"rendered":"<p data-start=\"0\" data-end=\"277\"><span data-start=\"15\" data-end=\"52\">Die Einf\u00fchrung in die <\/span><strong data-start=\"15\" data-end=\"52\">PLAYMOBIL\u00ae pro \u00d7 Pro.Play\u00ae Methode<\/strong> hei\u00dft <strong data-start=\"63\" data-end=\"108\">Pro.Play\u00ae Grundlagenmodul<\/strong>. Es ist die <strong data-start=\"120\" data-end=\"144\">Einstiegsschulung<\/strong>, die die Teilnehmer in die Methodik einf\u00fchrt und die Grundlage f\u00fcr die professionelle Anwendung von Spiel bietet. <\/p>\n","protected":false},"featured_media":5436,"comment_status":"closed","ping_status":"closed","template":"","meta":{"_acf_changed":false,"_seopress_robots_primary_cat":"none","_seopress_titles_title":"Grundlegendes Modul: Einf\u00fchrung in Pro.Play\u00ae","_seopress_titles_desc":"Melden Sie sich f\u00fcr das Basismodul f\u00fcr nur \u20ac119 an. Beginnen Sie Ihre Reise als Pro.Play\u00ae Certified Facilitator noch heute! ","_seopress_robots_index":"","iawp_total_views":44},"product_brand":[],"product_cat":[108],"product_tag":[],"class_list":{"0":"post-5785","1":"product","2":"type-product","3":"status-publish","4":"has-post-thumbnail","6":"product_cat-module","8":"first","9":"instock","10":"virtual","11":"taxable","12":"purchasable","13":"product-type-simple"},"acf":[],"_links":{"self":[{"href":"https:\/\/playmobilproplay.com\/de\/wp-json\/wp\/v2\/product\/5785","targetHints":{"allow":["GET"]}}],"collection":[{"href":"https:\/\/playmobilproplay.com\/de\/wp-json\/wp\/v2\/product"}],"about":[{"href":"https:\/\/playmobilproplay.com\/de\/wp-json\/wp\/v2\/types\/product"}],"replies":[{"embeddable":true,"href":"https:\/\/playmobilproplay.com\/de\/wp-json\/wp\/v2\/comments?post=5785"}],"version-history":[{"count":1,"href":"https:\/\/playmobilproplay.com\/de\/wp-json\/wp\/v2\/product\/5785\/revisions"}],"predecessor-version":[{"id":5787,"href":"https:\/\/playmobilproplay.com\/de\/wp-json\/wp\/v2\/product\/5785\/revisions\/5787"}],"wp:featuredmedia":[{"embeddable":true,"href":"https:\/\/playmobilproplay.com\/de\/wp-json\/wp\/v2\/media\/5436"}],"wp:attachment":[{"href":"https:\/\/playmobilproplay.com\/de\/wp-json\/wp\/v2\/media?parent=5785"}],"wp:term":[{"taxonomy":"product_brand","embeddable":true,"href":"https:\/\/playmobilproplay.com\/de\/wp-json\/wp\/v2\/product_brand?post=5785"},{"taxonomy":"product_cat","embeddable":true,"href":"https:\/\/playmobilproplay.com\/de\/wp-json\/wp\/v2\/product_cat?post=5785"},{"taxonomy":"product_tag","embeddable":true,"href":"https:\/\/playmobilproplay.com\/de\/wp-json\/wp\/v2\/product_tag?post=5785"}],"curies":[{"name":"wp","href":"https:\/\/api.w.org\/{rel}","templated":true}]}}