{"id":5796,"date":"2021-03-09T17:00:05","date_gmt":"2021-03-09T16:00:05","guid":{"rendered":"https:\/\/playmobilproplay.com\/product\/profi-set\/"},"modified":"2025-11-19T13:39:45","modified_gmt":"2025-11-19T12:39:45","slug":"profi-set","status":"publish","type":"product","link":"https:\/\/playmobilproplay.com\/de\/shop\/profi-set\/","title":{"rendered":"Profi-Set"},"content":{"rendered":"<p data-start=\"2217\" data-end=\"2284\"><em data-start=\"2217\" data-end=\"2282\">Komplettpaket f\u00fcr Teams, Organisationen und komplexe Herausforderungen<\/em><\/p>\n<p data-start=\"2286\" data-end=\"2356\"><strong data-start=\"2286\" data-end=\"2296\">Specs:<\/strong><br data-start=\"2296\" data-end=\"2299\">20 Zeichen | 560+ Elemente | Ideal f\u00fcr Gruppen von 10+<\/p>\n<p data-start=\"2358\" data-end=\"2574\"><strong data-start=\"2358\" data-end=\"2375\">Was Sie erhalten:<\/strong><br data-start=\"2375\" data-end=\"2378\">\u2713 14 Charaktere f\u00fcr Erwachsene und 6 f\u00fcr Kinder<br data-start=\"2411\" data-end=\"2414\">\u2713 560 anpassbare Zubeh\u00f6rteile (Roboter, Laptops, Kost\u00fcme &amp; mehr)<br data-start=\"2479\" data-end=\"2482\">\u2713 Briefpapier zum Beschriften und Erstellen von Szenarien<br data-start=\"2529\" data-end=\"2532\">\u2713 Stabiler Koffer f\u00fcr Transport und Lagerung<\/p>\n<p data-start=\"2576\" data-end=\"2594\"><strong data-start=\"2576\" data-end=\"2592\">Perfekt f\u00fcr:<\/strong><\/p>\n<ul data-start=\"2595\" data-end=\"2790\">\n<li data-start=\"2595\" data-end=\"2640\">\n<p data-start=\"2597\" data-end=\"2640\">Professionelle Moderatoren und Berater<\/p>\n<\/li>\n<li data-start=\"2641\" data-end=\"2682\">\n<p data-start=\"2643\" data-end=\"2682\">Gro\u00dfe Workshops und Strategiesitzungen<\/p>\n<\/li>\n<li data-start=\"2683\" data-end=\"2732\">\n<p data-start=\"2685\" data-end=\"2732\">Modellierung organisatorischer Systeme und Prozesse<\/p>\n<\/li>\n<li data-start=\"2733\" data-end=\"2790\">\n<p data-start=\"2735\" data-end=\"2790\">Universit\u00e4ten, Unternehmensschulungen und Innovationslabors<\/p>\n<\/li>\n<\/ul>\n","protected":false},"excerpt":{"rendered":"<p>Dieser Bausatz ist ideal f\u00fcr komplexe Modellierungen wie Prozesse, Teams, Organisationen und Systeme. Der Bausatz enth\u00e4lt 14 erwachsene Charaktere, 6 Kindercharaktere und 560 Elemente zum Personalisieren, darunter Roboter, Babys, alle Arten von Anpassungselementen (von Umh\u00e4ngen bis hin zu Computern) und Station\u00e4res, um reichhaltige Kontextszenarien zu erstellen. <\/p>\n","protected":false},"featured_media":4496,"comment_status":"open","ping_status":"closed","template":"","meta":{"_acf_changed":false,"_seopress_robots_primary_cat":"none","_seopress_titles_title":"Profi-Set f\u00fcr Teams und Organisationen \u2013 PLAYMOBIL\u00ae pro","_seopress_titles_desc":"Holen Sie sich das Profi-Set mit 14 Figuren f\u00fcr Erwachsene und 6 f\u00fcr Kinder sowie 560 anpassbaren Elementen. Perfekt f\u00fcr Workshops und Trainingseinheiten. Bestellen Sie jetzt!  ","_seopress_robots_index":"","iawp_total_views":36},"product_brand":[],"product_cat":[86],"product_tag":[],"class_list":{"0":"post-5796","1":"product","2":"type-product","3":"status-publish","4":"has-post-thumbnail","6":"product_cat-nicht-kategorisiert","8":"first","9":"instock","10":"taxable","11":"shipping-taxable","12":"purchasable","13":"product-type-simple"},"acf":[],"_links":{"self":[{"href":"https:\/\/playmobilproplay.com\/de\/wp-json\/wp\/v2\/product\/5796","targetHints":{"allow":["GET"]}}],"collection":[{"href":"https:\/\/playmobilproplay.com\/de\/wp-json\/wp\/v2\/product"}],"about":[{"href":"https:\/\/playmobilproplay.com\/de\/wp-json\/wp\/v2\/types\/product"}],"replies":[{"embeddable":true,"href":"https:\/\/playmobilproplay.com\/de\/wp-json\/wp\/v2\/comments?post=5796"}],"version-history":[{"count":1,"href":"https:\/\/playmobilproplay.com\/de\/wp-json\/wp\/v2\/product\/5796\/revisions"}],"predecessor-version":[{"id":5797,"href":"https:\/\/playmobilproplay.com\/de\/wp-json\/wp\/v2\/product\/5796\/revisions\/5797"}],"wp:featuredmedia":[{"embeddable":true,"href":"https:\/\/playmobilproplay.com\/de\/wp-json\/wp\/v2\/media\/4496"}],"wp:attachment":[{"href":"https:\/\/playmobilproplay.com\/de\/wp-json\/wp\/v2\/media?parent=5796"}],"wp:term":[{"taxonomy":"product_brand","embeddable":true,"href":"https:\/\/playmobilproplay.com\/de\/wp-json\/wp\/v2\/product_brand?post=5796"},{"taxonomy":"product_cat","embeddable":true,"href":"https:\/\/playmobilproplay.com\/de\/wp-json\/wp\/v2\/product_cat?post=5796"},{"taxonomy":"product_tag","embeddable":true,"href":"https:\/\/playmobilproplay.com\/de\/wp-json\/wp\/v2\/product_tag?post=5796"}],"curies":[{"name":"wp","href":"https:\/\/api.w.org\/{rel}","templated":true}]}}