{"id":5130,"date":"2021-04-21T09:07:03","date_gmt":"2021-04-21T07:07:03","guid":{"rendered":"https:\/\/playmobilproplay.com\/envio-y-entrega\/"},"modified":"2025-11-13T19:22:36","modified_gmt":"2025-11-13T18:22:36","slug":"envio-y-entrega","status":"publish","type":"page","link":"https:\/\/playmobilproplay.com\/es\/envio-y-entrega\/","title":{"rendered":"Env\u00edo y entrega"},"content":{"rendered":"<p><strong>Tenga en cuenta que los gastos de env\u00edo, o al menos la forma en que se calculan (por ejemplo, seg\u00fan el peso), deben indicarse para todos los pa\u00edses a los que realiza env\u00edos.<\/strong><\/p>\n<p><strong>Si solo realiza env\u00edos a pa\u00edses espec\u00edficos, debe informar a sus clientes de ello. Tambi\u00e9n debe asegurarse de seleccionar \u00fanicamente esos pa\u00edses como ubicaciones de env\u00edo en la configuraci\u00f3n de WooCommerce. No debe utilizar cl\u00e1usulas como \u00abGastos de env\u00edo a otros pa\u00edses solo disponibles bajo petici\u00f3n\u00bb.  <\/strong><\/p>\n<p><strong>Precios, gastos de env\u00edo e informaci\u00f3n de entrega<\/strong><\/p>\n<p>Los precios indicados en las p\u00e1ginas de los productos incluyen el impuesto sobre el valor a\u00f1adido (IVA) legal y otros componentes del precio.<\/p>\n<p>Solo realizamos env\u00edos a direcciones en Alemania y Austria.<\/p>\n<p>Adem\u00e1s de los precios de los productos indicados, tambi\u00e9n cobramos gastos de env\u00edo a tanto alzado para la entrega dentro de Alemania y Austria [6,90 EUR por pedido]. Los gastos de env\u00edo se le comunican durante el proceso de compra y se reconfirman en la p\u00e1gina del pedido. <\/p>\n<p>A los clientes que opten por pagar contra reembolso se les cobrar\u00e1 una tarifa adicional de [2 EUR] pagadera al transportista local. [No se incurre en otros impuestos o tasas]. <\/p>\n<p>No se incurre en gastos de env\u00edo en relaci\u00f3n con el contenido digital (por ejemplo, libros electr\u00f3nicos, software, etc.).<\/p>\n<p>[Nota para los comerciantes: El siguiente p\u00e1rrafo es esencial si cobra gastos de env\u00edo a tanto alzado. Si no lo hace, el p\u00e1rrafo puede eliminarse]<\/p>\n<p>Los gastos de env\u00edo se cobran a una tarifa plana de EUR [VALOR] e incluyen el impuesto sobre el valor a\u00f1adido (IVA) legal. El hecho de que el importe del IVA incluido en los gastos de env\u00edo se calcule sobre la base de los bienes adquiridos significa que puede disminuir si los bienes adquiridos est\u00e1n sujetos a un tipo de IVA inferior (por ejemplo, los libros). Esto, a su vez, significa que los gastos de env\u00edo definitivos solo pueden calcularse durante el proceso de pedido. Como no est\u00e1 permitido que aumenten, solo se ajustar\u00e1n en su beneficio (es decir, se reducir\u00e1n).   <\/p>\n","protected":false},"excerpt":{"rendered":"<p>Tenga en cuenta que los gastos de env\u00edo, o al menos la forma en que se calculan (por ejemplo, seg\u00fan el peso), deben indicarse para todos los pa\u00edses a los que realiza env\u00edos. Si solo realiza env\u00edos a pa\u00edses espec\u00edficos, debe informar a sus clientes de ello. Tambi\u00e9n debe asegurarse de seleccionar \u00fanicamente esos pa\u00edses [&hellip;]<\/p>\n","protected":false},"author":422,"featured_media":0,"parent":0,"menu_order":25,"comment_status":"closed","ping_status":"closed","template":"page-boxed.php","meta":{"_acf_changed":false,"_seopress_robots_primary_cat":"","_seopress_titles_title":"Env\u00edo y entrega | PLAYMOBIL\u00ae pro x Pro.Play\u00ae Method","_seopress_titles_desc":"Inf\u00f3rmese sobre nuestros gastos y m\u00e9todos de env\u00edo a Alemania y Austria. \u00a1Con\u00f3zca las tarifas y condiciones antes de realizar su compra!","_seopress_robots_index":"","_seopress_analysis_target_kw":"","iawp_total_views":0,"footnotes":""},"class_list":["post-5130","page","type-page","status-publish","hentry"],"acf":[],"_links":{"self":[{"href":"https:\/\/playmobilproplay.com\/es\/wp-json\/wp\/v2\/pages\/5130","targetHints":{"allow":["GET"]}}],"collection":[{"href":"https:\/\/playmobilproplay.com\/es\/wp-json\/wp\/v2\/pages"}],"about":[{"href":"https:\/\/playmobilproplay.com\/es\/wp-json\/wp\/v2\/types\/page"}],"author":[{"embeddable":true,"href":"https:\/\/playmobilproplay.com\/es\/wp-json\/wp\/v2\/users\/422"}],"replies":[{"embeddable":true,"href":"https:\/\/playmobilproplay.com\/es\/wp-json\/wp\/v2\/comments?post=5130"}],"version-history":[{"count":1,"href":"https:\/\/playmobilproplay.com\/es\/wp-json\/wp\/v2\/pages\/5130\/revisions"}],"predecessor-version":[{"id":5131,"href":"https:\/\/playmobilproplay.com\/es\/wp-json\/wp\/v2\/pages\/5130\/revisions\/5131"}],"wp:attachment":[{"href":"https:\/\/playmobilproplay.com\/es\/wp-json\/wp\/v2\/media?parent=5130"}],"curies":[{"name":"wp","href":"https:\/\/api.w.org\/{rel}","templated":true}]}}