{"id":5611,"date":"2025-08-28T23:33:24","date_gmt":"2025-08-28T21:33:24","guid":{"rendered":"https:\/\/playmobilproplay.com\/shop\/modulo-basico-online\/"},"modified":"2025-11-19T12:31:34","modified_gmt":"2025-11-19T11:31:34","slug":"modulo-basico-online","status":"publish","type":"product","link":"https:\/\/playmobilproplay.com\/es\/tienda\/modulo-basico-online\/","title":{"rendered":"M\u00f3dulo B\u00e1sico &#8211; Online"},"content":{"rendered":"<h1 data-start=\"337\" data-end=\"407\">M\u00f3dulo B\u00e1sico: Introducci\u00f3n a Pro.Play\u00ae &#8211; En l\u00ednea<\/h1>\n<h3 data-start=\"409\" data-end=\"474\">Descubre el poder del juego para resolver problemas profesionales<\/h3>\n<p data-start=\"475\" data-end=\"774\">El <strong data-start=\"479\" data-end=\"502\">M\u00f3dulo Fundacional<\/strong> es tu puerta de entrada al mundo del <strong data-start=\"541\" data-end=\"581\">M\u00e9todo Pro.Play\u00ae con PLAYMOBIL\u00ae pro<\/strong>. En esta experiencia totalmente online, aprender\u00e1s los principios esenciales, las herramientas y la mentalidad que convierten <em data-start=\"686\" data-end=\"692\">el juego<\/em> en una poderosa metodolog\u00eda para la creatividad, la colaboraci\u00f3n y la toma de decisiones. <\/p>\n<p data-start=\"776\" data-end=\"968\">Tanto si eres entrenador, educador, consultor, profesional de RRHH, dise\u00f1ador o l\u00edder, este primer paso te dar\u00e1 las bases para empezar a aplicar <strong data-start=\"923\" data-end=\"944\">el juego profesional<\/strong> en tu propia pr\u00e1ctica.<\/p>\n<hr data-start=\"970\" data-end=\"973\">\n<h2 data-start=\"975\" data-end=\"1002\">Lo que aprender\u00e1s<\/h2>\n<p data-start=\"1003\" data-end=\"1041\">Al final de este m\u00f3dulo, podr\u00e1s:<\/p>\n<ul data-start=\"1042\" data-end=\"1614\">\n<li data-start=\"1042\" data-end=\"1112\">\n<p data-start=\"1044\" data-end=\"1112\">Comprender <strong data-start=\"1059\" data-end=\"1085\">los or\u00edgenes y la filosof\u00eda<\/strong> del M\u00e9todo Pro.Play\u00ae.<\/p>\n<\/li>\n<li data-start=\"1113\" data-end=\"1201\">\n<p data-start=\"1115\" data-end=\"1201\">Explora los <strong data-start=\"1127\" data-end=\"1148\">3 tipos de modelos<\/strong> (Literal, Fant\u00e1stico, Metaf\u00f3rico) y sus usos.<\/p>\n<\/li>\n<li data-start=\"1202\" data-end=\"1315\">\n<p data-start=\"1204\" data-end=\"1315\">Aprende los <strong data-start=\"1214\" data-end=\"1242\">4 pilares del proceso<\/strong> (Empezar a Jugar, Observar lo que Sucede, Extraer Ideas, Tomar Decisiones).<\/p>\n<\/li>\n<li data-start=\"1316\" data-end=\"1386\">\n<p data-start=\"1318\" data-end=\"1386\">Experimenta <strong data-start=\"1329\" data-end=\"1351\">ejercicios pr\u00e1cticos<\/strong> adaptados a la facilitaci\u00f3n online.<\/p>\n<\/li>\n<li data-start=\"1387\" data-end=\"1487\">\n<p data-start=\"1389\" data-end=\"1487\">Descubre c\u00f3mo las figuras profesionales y el atrezzo PLAYMOBIL\u00ae desbloquean <strong data-start=\"1442\" data-end=\"1484\">nuevas formas de pensar y comunicarse<\/strong>.<\/p>\n<\/li>\n<li data-start=\"1488\" data-end=\"1614\">\n<p data-start=\"1490\" data-end=\"1614\">Mira ejemplos reales de c\u00f3mo se aplica el m\u00e9todo en todo el mundo en <strong data-start=\"1555\" data-end=\"1611\">los negocios, la educaci\u00f3n, el coaching y la innovaci\u00f3n social<\/strong>.<\/p>\n<\/li>\n<\/ul>\n<hr data-start=\"1616\" data-end=\"1619\">\n<h2 data-start=\"1621\" data-end=\"1648\">Formato y experiencia<\/h2>\n<ul data-start=\"1649\" data-end=\"1969\">\n<li data-start=\"1649\" data-end=\"1692\">\n<p data-start=\"1651\" data-end=\"1692\"><strong data-start=\"1651\" data-end=\"1666\">100% Online<\/strong> &#8211; accesible en todo el mundo.<\/p>\n<\/li>\n<li data-start=\"1693\" data-end=\"1761\">\n<p data-start=\"1695\" data-end=\"1761\"><strong data-start=\"1695\" data-end=\"1719\">Sesiones interactivas<\/strong> dirigidas por instructores certificados de Pro.Play\u00ae.<\/p>\n<\/li>\n<li data-start=\"1762\" data-end=\"1852\">\n<p data-start=\"1764\" data-end=\"1852\">Una mezcla de <strong data-start=\"1775\" data-end=\"1822\">teor\u00eda, demostraciones en directo y ejercicios pr\u00e1cticos<\/strong> dise\u00f1ados para trabajar virtualmente.<\/p>\n<\/li>\n<li data-start=\"1853\" data-end=\"1969\">\n<p data-start=\"1855\" data-end=\"1969\">Los participantes utilizan modelos, narraciones y reflexiones en grupo para garantizar <strong data-start=\"1938\" data-end=\"1966\">tanto el aprendizaje como la aplicaci\u00f3n<\/strong>.<\/p>\n<\/li>\n<\/ul>\n<hr data-start=\"1971\" data-end=\"1974\">\n<h2 data-start=\"1976\" data-end=\"1999\">\u00bfPor qu\u00e9 empezar aqu\u00ed?<\/h2>\n<p data-start=\"2000\" data-end=\"2235\">Este M\u00f3dulo B\u00e1sico es <strong data-start=\"2028\" data-end=\"2068\">el Nivel 1 del proceso de certificaci\u00f3n<\/strong>. Proporciona los conocimientos y la experiencia que necesitas antes de avanzar a niveles superiores, en los que dise\u00f1ar\u00e1s, facilitar\u00e1s y dominar\u00e1s intervenciones Pro.Play\u00ae complejas. <\/p>\n<p data-start=\"2237\" data-end=\"2429\">Es m\u00e1s que una introducci\u00f3n: es el primer paso para unirte a la <strong data-start=\"2309\" data-end=\"2355\">comunidad global de facilitadores Pro.Play\u00ae<\/strong> y para llevar el poder del juego a tu pr\u00e1ctica profesional.<\/p>\n<hr data-start=\"2431\" data-end=\"2434\">\n<h2 data-start=\"2436\" data-end=\"2459\">Qu\u00e9 incluye<\/h2>\n<ul data-start=\"2460\" data-end=\"2776\">\n<li data-start=\"2460\" data-end=\"2511\">\n<p data-start=\"2462\" data-end=\"2511\">Instrucci\u00f3n online en directo de formadores certificados<\/p>\n<\/li>\n<li data-start=\"2512\" data-end=\"2590\">\n<p data-start=\"2514\" data-end=\"2590\">Paquete de inicio Pro.Play\u00ae (plantillas y ejercicios digitales para practicar en l\u00ednea)<\/p>\n<\/li>\n<li data-start=\"2591\" data-end=\"2643\">\n<p data-start=\"2593\" data-end=\"2643\">Acceso a recursos de aprendizaje, v\u00eddeos y gu\u00edas<\/p>\n<\/li>\n<li data-start=\"2644\" data-end=\"2705\">\n<p data-start=\"2646\" data-end=\"2705\">Certificado de aprovechamiento (Nivel 1 &#8211; M\u00f3dulo B\u00e1sico)<\/p>\n<\/li>\n<li data-start=\"2706\" data-end=\"2776\">\n<p data-start=\"2708\" data-end=\"2776\">Invitaci\u00f3n a conectar con nuestra <strong data-start=\"2739\" data-end=\"2774\">red internacional Pro.Play<\/strong><\/p>\n<\/li>\n<\/ul>\n<hr data-start=\"2778\" data-end=\"2781\">\n<h2 data-start=\"2783\" data-end=\"2803\">A qui\u00e9n va dirigido<\/h2>\n<ul data-start=\"2804\" data-end=\"3035\">\n<li data-start=\"2804\" data-end=\"2831\">\n<p data-start=\"2806\" data-end=\"2831\">Facilitadores y formadores<\/p>\n<\/li>\n<li data-start=\"2832\" data-end=\"2857\">\n<p data-start=\"2834\" data-end=\"2857\">Entrenadores y consultores<\/p>\n<\/li>\n<li data-start=\"2858\" data-end=\"2884\">\n<p data-start=\"2860\" data-end=\"2884\">Educadores y profesores<\/p>\n<\/li>\n<li data-start=\"2885\" data-end=\"2934\">\n<p data-start=\"2887\" data-end=\"2934\">Profesionales de RRHH y desarrollo organizativo<\/p>\n<\/li>\n<li data-start=\"2935\" data-end=\"2967\">\n<p data-start=\"2937\" data-end=\"2967\">Innovadores y pensadores del dise\u00f1o<\/p>\n<\/li>\n<li data-start=\"2968\" data-end=\"3035\">\n<p data-start=\"2970\" data-end=\"3035\">L\u00edderes que buscan <strong data-start=\"2986\" data-end=\"3033\">nuevas formas de implicar a los equipos y resolver problemas<\/strong><\/p>\n<\/li>\n<\/ul>\n<hr data-start=\"3037\" data-end=\"3040\">\n<h2 data-start=\"3042\" data-end=\"3069\">Da el primer paso<\/h2>\n<p data-start=\"3070\" data-end=\"3267\"><em data-start=\"3070\" data-end=\"3130\">El juego no es lo contrario del trabajo: es su futuro.<\/em><br data-start=\"3130\" data-end=\"3133\">Inicia tu viaje hacia el M\u00e9todo Pro.Play\u00ae y descubre c\u00f3mo transformar tu forma de <strong data-start=\"3220\" data-end=\"3264\">aprender, colaborar y crear soluciones<\/strong>.<\/p>\n<p data-start=\"3269\" data-end=\"3335\">\ud83d\udc49 <strong data-start=\"3272\" data-end=\"3333\">Inscr\u00edbete ahora en el M\u00f3dulo B\u00e1sico (Nivel 1 &#8211; Online).<\/strong><\/p>\n","protected":false},"excerpt":{"rendered":"<p data-start=\"0\" data-end=\"277\"><span data-start=\"15\" data-end=\"52\">La introducci\u00f3n al <\/span><strong data-start=\"15\" data-end=\"52\">M\u00e9todo PLAYMOBIL\u00ae pro \u00d7 Pro.Play\u00ae<\/strong> se denomina <strong data-start=\"63\" data-end=\"108\">M\u00f3dulo B\u00e1sico Pro.Play\u00ae<\/strong>. Es la <strong data-start=\"120\" data-end=\"144\">formaci\u00f3n inicial<\/strong> que introduce a los participantes en la metodolog\u00eda y proporciona las bases para aplicar el juego profesionalmente. <\/p>\n","protected":false},"featured_media":5417,"comment_status":"closed","ping_status":"closed","template":"","meta":{"_acf_changed":false,"_seopress_robots_primary_cat":"none","_seopress_titles_title":"M\u00f3dulo B\u00e1sico: Introducci\u00f3n a Pro.Play","_seopress_titles_desc":"Inscr\u00edbete en el M\u00f3dulo B\u00e1sico por s\u00f3lo 119 euros. \u00a1Comienza hoy tu viaje como Facilitador Certificado Pro.Play\u00ae! ","_seopress_robots_index":"","iawp_total_views":22},"product_brand":[],"product_cat":[104],"product_tag":[],"class_list":{"0":"post-5611","1":"product","2":"type-product","3":"status-publish","4":"has-post-thumbnail","6":"product_cat-modulos","8":"first","9":"instock","10":"virtual","11":"taxable","12":"purchasable","13":"product-type-simple"},"acf":[],"_links":{"self":[{"href":"https:\/\/playmobilproplay.com\/es\/wp-json\/wp\/v2\/product\/5611","targetHints":{"allow":["GET"]}}],"collection":[{"href":"https:\/\/playmobilproplay.com\/es\/wp-json\/wp\/v2\/product"}],"about":[{"href":"https:\/\/playmobilproplay.com\/es\/wp-json\/wp\/v2\/types\/product"}],"replies":[{"embeddable":true,"href":"https:\/\/playmobilproplay.com\/es\/wp-json\/wp\/v2\/comments?post=5611"}],"version-history":[{"count":1,"href":"https:\/\/playmobilproplay.com\/es\/wp-json\/wp\/v2\/product\/5611\/revisions"}],"predecessor-version":[{"id":5612,"href":"https:\/\/playmobilproplay.com\/es\/wp-json\/wp\/v2\/product\/5611\/revisions\/5612"}],"wp:featuredmedia":[{"embeddable":true,"href":"https:\/\/playmobilproplay.com\/es\/wp-json\/wp\/v2\/media\/5417"}],"wp:attachment":[{"href":"https:\/\/playmobilproplay.com\/es\/wp-json\/wp\/v2\/media?parent=5611"}],"wp:term":[{"taxonomy":"product_brand","embeddable":true,"href":"https:\/\/playmobilproplay.com\/es\/wp-json\/wp\/v2\/product_brand?post=5611"},{"taxonomy":"product_cat","embeddable":true,"href":"https:\/\/playmobilproplay.com\/es\/wp-json\/wp\/v2\/product_cat?post=5611"},{"taxonomy":"product_tag","embeddable":true,"href":"https:\/\/playmobilproplay.com\/es\/wp-json\/wp\/v2\/product_tag?post=5611"}],"curies":[{"name":"wp","href":"https:\/\/api.w.org\/{rel}","templated":true}]}}