{"id":5613,"date":"2021-03-09T17:00:05","date_gmt":"2021-03-09T16:00:05","guid":{"rendered":"https:\/\/playmobilproplay.com\/shop\/kit-profesional\/"},"modified":"2025-11-19T12:31:34","modified_gmt":"2025-11-19T11:31:34","slug":"kit-profesional","status":"publish","type":"product","link":"https:\/\/playmobilproplay.com\/es\/tienda\/kit-profesional\/","title":{"rendered":"Kit profesional"},"content":{"rendered":"<p data-start=\"2217\" data-end=\"2284\"><em data-start=\"2217\" data-end=\"2282\">Kit completo para equipos, organizaciones y retos complejos<\/em><\/p>\n<p data-start=\"2286\" data-end=\"2356\"><strong data-start=\"2286\" data-end=\"2296\">Especificaciones:<\/strong><br data-start=\"2296\" data-end=\"2299\">20 Caracteres | 560+ Elementos | Ideal para grupos de m\u00e1s de 10 personas<\/p>\n<p data-start=\"2358\" data-end=\"2574\"><strong data-start=\"2358\" data-end=\"2375\">Lo que obtienes:<\/strong><br data-start=\"2375\" data-end=\"2378\">\u2713 14 personajes adultos y 6 infantiles<br data-start=\"2411\" data-end=\"2414\">\u2713 560 accesorios personalizables (robots, ordenadores port\u00e1tiles, disfraces y mucho m\u00e1s)<br data-start=\"2479\" data-end=\"2482\">\u2713 Papeler\u00eda para etiquetar y crear escenarios<br data-start=\"2529\" data-end=\"2532\">\u2713 Malet\u00edn duradero para transportar y almacenar<\/p>\n<p data-start=\"2576\" data-end=\"2594\"><strong data-start=\"2576\" data-end=\"2592\">Perfecto para:<\/strong><\/p>\n<ul data-start=\"2595\" data-end=\"2790\">\n<li data-start=\"2595\" data-end=\"2640\">\n<p data-start=\"2597\" data-end=\"2640\">Facilitadores y consultores profesionales<\/p>\n<\/li>\n<li data-start=\"2641\" data-end=\"2682\">\n<p data-start=\"2643\" data-end=\"2682\">Grandes talleres y sesiones de estrategia<\/p>\n<\/li>\n<li data-start=\"2683\" data-end=\"2732\">\n<p data-start=\"2685\" data-end=\"2732\">Modelizaci\u00f3n de sistemas y procesos organizativos<\/p>\n<\/li>\n<li data-start=\"2733\" data-end=\"2790\">\n<p data-start=\"2735\" data-end=\"2790\">Universidades, formaci\u00f3n corporativa y laboratorios de innovaci\u00f3n<\/p>\n<\/li>\n<\/ul>\n","protected":false},"excerpt":{"rendered":"<p>Este kit es ideal para la modelizaci\u00f3n compleja de procesos, equipos, organizaci\u00f3n y sistemas. El kit incluye 14 personajes adultos, 6 personajes infantiles y 560 elementos para personalizar, como robots, beb\u00e9s, todo tipo de elementos de personalizaci\u00f3n (desde capas hasta ordenadores) y papeler\u00eda para crear ricos escenarios contextuales. <\/p>\n","protected":false},"featured_media":4496,"comment_status":"open","ping_status":"closed","template":"","meta":{"_acf_changed":false,"_seopress_robots_primary_cat":"none","_seopress_titles_title":"Kit Profesional: Modelizaci\u00f3n y Personalizaci\u00f3n Completa","_seopress_titles_desc":"Consigue el Set Profesional con 14 personajes adultos y 6 infantiles m\u00e1s 560 elementos personalizables. Perfecto para talleres y sesiones de formaci\u00f3n. \u00a1P\u00eddelo ya!  ","_seopress_robots_index":"","iawp_total_views":65},"product_brand":[],"product_cat":[87],"product_tag":[],"class_list":{"0":"post-5613","1":"product","2":"type-product","3":"status-publish","4":"has-post-thumbnail","6":"product_cat-sin-categoria","8":"first","9":"instock","10":"taxable","11":"shipping-taxable","12":"purchasable","13":"product-type-simple"},"acf":[],"_links":{"self":[{"href":"https:\/\/playmobilproplay.com\/es\/wp-json\/wp\/v2\/product\/5613","targetHints":{"allow":["GET"]}}],"collection":[{"href":"https:\/\/playmobilproplay.com\/es\/wp-json\/wp\/v2\/product"}],"about":[{"href":"https:\/\/playmobilproplay.com\/es\/wp-json\/wp\/v2\/types\/product"}],"replies":[{"embeddable":true,"href":"https:\/\/playmobilproplay.com\/es\/wp-json\/wp\/v2\/comments?post=5613"}],"version-history":[{"count":1,"href":"https:\/\/playmobilproplay.com\/es\/wp-json\/wp\/v2\/product\/5613\/revisions"}],"predecessor-version":[{"id":5614,"href":"https:\/\/playmobilproplay.com\/es\/wp-json\/wp\/v2\/product\/5613\/revisions\/5614"}],"wp:featuredmedia":[{"embeddable":true,"href":"https:\/\/playmobilproplay.com\/es\/wp-json\/wp\/v2\/media\/4496"}],"wp:attachment":[{"href":"https:\/\/playmobilproplay.com\/es\/wp-json\/wp\/v2\/media?parent=5613"}],"wp:term":[{"taxonomy":"product_brand","embeddable":true,"href":"https:\/\/playmobilproplay.com\/es\/wp-json\/wp\/v2\/product_brand?post=5613"},{"taxonomy":"product_cat","embeddable":true,"href":"https:\/\/playmobilproplay.com\/es\/wp-json\/wp\/v2\/product_cat?post=5613"},{"taxonomy":"product_tag","embeddable":true,"href":"https:\/\/playmobilproplay.com\/es\/wp-json\/wp\/v2\/product_tag?post=5613"}],"curies":[{"name":"wp","href":"https:\/\/api.w.org\/{rel}","templated":true}]}}